{"id":1075,"date":"2025-02-08T18:21:01","date_gmt":"2025-02-08T16:21:01","guid":{"rendered":"https:\/\/delemar.codev-eg.com\/?page_id=1075"},"modified":"2025-03-22T23:34:21","modified_gmt":"2025-03-22T21:34:21","slug":"business-sectors","status":"publish","type":"page","link":"https:\/\/delemargroup.com\/fr\/business-sectors\/","title":{"rendered":"Secteurs d'activit\u00e9"},"content":{"rendered":"<div data-elementor-type=\"wp-page\" data-elementor-id=\"1075\" class=\"elementor elementor-1075\" data-elementor-post-type=\"page\">\n\t\t\t\t<div class=\"elementor-element elementor-element-ff5fcb5 e-con-full e-flex e-con e-parent\" data-id=\"ff5fcb5\" data-element_type=\"container\" data-settings=\"{&quot;ekit_has_onepagescroll_dot&quot;:&quot;yes&quot;}\">\n\t\t<div class=\"elementor-element elementor-element-705f56d e-con-full e-flex e-con e-child\" data-id=\"705f56d\" data-element_type=\"container\" data-settings=\"{&quot;ekit_has_onepagescroll_dot&quot;:&quot;yes&quot;}\">\n\t\t\t\t<div class=\"elementor-element elementor-element-24a4941 elementor-widget elementor-widget-heading\" data-id=\"24a4941\" data-element_type=\"widget\" data-settings=\"{&quot;ekit_we_effect_on&quot;:&quot;none&quot;}\" data-widget_type=\"heading.default\">\n\t\t\t\t\t<h2 class=\"elementor-heading-title elementor-size-default\">Secteurs d'activit\u00e9<\/h2>\t\t\t\t<\/div>\n\t\t\t\t<\/div>\n\t\t\t\t<\/div>\n\t\t<div class=\"elementor-element elementor-element-643d990 e-con-full e-flex e-con e-parent\" data-id=\"643d990\" data-element_type=\"container\" data-settings=\"{&quot;ekit_has_onepagescroll_dot&quot;:&quot;yes&quot;}\">\n\t\t<div class=\"elementor-element elementor-element-6447ec4 e-con-full e-flex e-con e-child\" data-id=\"6447ec4\" data-element_type=\"container\" data-settings=\"{&quot;ekit_has_onepagescroll_dot&quot;:&quot;yes&quot;}\">\n\t\t\t\t<div class=\"elementor-element elementor-element-d5caaba elementor-widget elementor-widget-heading\" data-id=\"d5caaba\" data-element_type=\"widget\" data-settings=\"{&quot;ekit_we_effect_on&quot;:&quot;none&quot;}\" data-widget_type=\"heading.default\">\n\t\t\t\t\t<h2 class=\"elementor-heading-title elementor-size-default\">D\u00e9couvrez nos secteurs<\/h2>\t\t\t\t<\/div>\n\t\t\t\t<\/div>\n\t\t<div class=\"elementor-element elementor-element-85af11e e-con-full e-flex e-con e-child\" data-id=\"85af11e\" data-element_type=\"container\" data-settings=\"{&quot;ekit_has_onepagescroll_dot&quot;:&quot;yes&quot;}\">\n\t\t<div class=\"elementor-element elementor-element-7e3950b e-con-full e-flex e-con e-child\" data-id=\"7e3950b\" data-element_type=\"container\" data-settings=\"{&quot;background_background&quot;:&quot;classic&quot;,&quot;ekit_has_onepagescroll_dot&quot;:&quot;yes&quot;}\">\n\t\t\t\t<div class=\"elementor-element elementor-element-b286968 elementor-widget elementor-widget-image\" data-id=\"b286968\" data-element_type=\"widget\" data-settings=\"{&quot;ekit_we_effect_on&quot;:&quot;none&quot;}\" data-widget_type=\"image.default\">\n\t\t\t\t\t\t\t\t\t\t\t\t\t\t\t<img fetchpriority=\"high\" decoding=\"async\" width=\"1024\" height=\"214\" src=\"https:\/\/delemargroup.com\/wp-content\/uploads\/2025\/02\/1-1-1024x214.png\" class=\"attachment-large size-large wp-image-2048\" alt=\"\" srcset=\"https:\/\/delemargroup.com\/wp-content\/uploads\/2025\/02\/1-1-1024x214.png 1024w, https:\/\/delemargroup.com\/wp-content\/uploads\/2025\/02\/1-1-300x63.png 300w, https:\/\/delemargroup.com\/wp-content\/uploads\/2025\/02\/1-1-768x161.png 768w, https:\/\/delemargroup.com\/wp-content\/uploads\/2025\/02\/1-1-18x4.png 18w, https:\/\/delemargroup.com\/wp-content\/uploads\/2025\/02\/1-1.png 1536w\" sizes=\"(max-width: 1024px) 100vw, 1024px\" \/>\t\t\t\t\t\t\t\t\t\t\t\t\t\t\t<\/div>\n\t\t\t\t<div class=\"elementor-element elementor-element-d890c32 elementor-widget elementor-widget-heading\" data-id=\"d890c32\" data-element_type=\"widget\" data-settings=\"{&quot;ekit_we_effect_on&quot;:&quot;none&quot;}\" data-widget_type=\"heading.default\">\n\t\t\t\t\t<h2 class=\"elementor-heading-title elementor-size-default\">Chez Delemar Industrial Group, nous continuons de renforcer notre leadership dans l'industrie de l'aluminium gr\u00e2ce \u00e0 notre expansion strat\u00e9gique, \u00e0 l'innovation et \u00e0 l'am\u00e9lioration de nos capacit\u00e9s de production. Les ann\u00e9es 2023 et 2024 ont \u00e9t\u00e9 marqu\u00e9es par des d\u00e9fis tels que les fluctuations \u00e9conomiques et la hausse du co\u00fbt des alliages. Cependant, nos strat\u00e9gies d'adaptation et notre rayonnement mondial nous ont permis d'assurer une croissance sans pr\u00e9c\u00e9dent de la production de profil\u00e9s en aluminium.<\/h2>\t\t\t\t<\/div>\n\t\t\t\t<div class=\"elementor-element elementor-element-61b3ca0 animated-slow elementor-invisible elementor-widget elementor-widget-button\" data-id=\"61b3ca0\" data-element_type=\"widget\" data-settings=\"{&quot;_animation&quot;:&quot;fadeInUp&quot;,&quot;_animation_delay&quot;:800,&quot;ekit_we_effect_on&quot;:&quot;none&quot;}\" data-widget_type=\"button.default\">\n\t\t\t\t\t\t\t\t\t\t<a class=\"elementor-button elementor-button-link elementor-size-sm\" href=\"https:\/\/delemargroup.com\/fr\/business-sectors\/aluminium-profiles-production\/\">\n\t\t\t\t\t\t<span class=\"elementor-button-content-wrapper\">\n\t\t\t\t\t\t\t\t\t<span class=\"elementor-button-text\">More about Aluminium Profiles Production<\/span>\n\t\t\t\t\t<\/span>\n\t\t\t\t\t<\/a>\n\t\t\t\t\t\t\t\t<\/div>\n\t\t\t\t<\/div>\n\t\t<div class=\"elementor-element elementor-element-bd6ed40 e-con-full e-flex e-con e-child\" data-id=\"bd6ed40\" data-element_type=\"container\" data-settings=\"{&quot;background_background&quot;:&quot;classic&quot;,&quot;ekit_has_onepagescroll_dot&quot;:&quot;yes&quot;}\">\n\t\t\t\t<div class=\"elementor-element elementor-element-d772421 elementor-widget elementor-widget-image\" data-id=\"d772421\" data-element_type=\"widget\" data-settings=\"{&quot;ekit_we_effect_on&quot;:&quot;none&quot;}\" data-widget_type=\"image.default\">\n\t\t\t\t\t\t\t\t\t\t\t\t\t\t\t<img decoding=\"async\" width=\"1024\" height=\"214\" src=\"https:\/\/delemargroup.com\/wp-content\/uploads\/2025\/02\/2-1-1024x214.png\" class=\"attachment-large size-large wp-image-2053\" alt=\"\" srcset=\"https:\/\/delemargroup.com\/wp-content\/uploads\/2025\/02\/2-1-1024x214.png 1024w, https:\/\/delemargroup.com\/wp-content\/uploads\/2025\/02\/2-1-300x63.png 300w, https:\/\/delemargroup.com\/wp-content\/uploads\/2025\/02\/2-1-768x161.png 768w, https:\/\/delemargroup.com\/wp-content\/uploads\/2025\/02\/2-1-18x4.png 18w, https:\/\/delemargroup.com\/wp-content\/uploads\/2025\/02\/2-1.png 1536w\" sizes=\"(max-width: 1024px) 100vw, 1024px\" \/>\t\t\t\t\t\t\t\t\t\t\t\t\t\t\t<\/div>\n\t\t\t\t<div class=\"elementor-element elementor-element-a5a1320 elementor-widget elementor-widget-heading\" data-id=\"a5a1320\" data-element_type=\"widget\" data-settings=\"{&quot;ekit_we_effect_on&quot;:&quot;none&quot;}\" data-widget_type=\"heading.default\">\n\t\t\t\t\t<h2 class=\"elementor-heading-title elementor-size-default\">La division Profil\u00e9s de Rev\u00eatement en Aluminium de Delemar propose une gamme compl\u00e8te de peintures offrant un large \u00e9ventail de finitions, notamment RAL, textur\u00e9es, m\u00e9tallis\u00e9es et bois. Notre atelier de thermolaquage \u00e0 la pointe de la technologie assure une protection optimale des produits en aluminium, gr\u00e2ce \u00e0 un processus de test de couleur rigoureux garantissant une peinture de qualit\u00e9 certifi\u00e9e. Adh\u00e9rant \u00e0 la norme Qualicoat, notre objectif est de garantir la long\u00e9vit\u00e9 et la valeur des b\u00e2timents aux propri\u00e9taires et occupants.<\/h2>\t\t\t\t<\/div>\n\t\t\t\t<div class=\"elementor-element elementor-element-58b2179 animated-slow elementor-invisible elementor-widget elementor-widget-button\" data-id=\"58b2179\" data-element_type=\"widget\" data-settings=\"{&quot;_animation&quot;:&quot;fadeInUp&quot;,&quot;_animation_delay&quot;:800,&quot;ekit_we_effect_on&quot;:&quot;none&quot;}\" data-widget_type=\"button.default\">\n\t\t\t\t\t\t\t\t\t\t<a class=\"elementor-button elementor-button-link elementor-size-sm\" href=\"https:\/\/delemargroup.com\/fr\/business-sectors\/aluminium-coating-profiles\/\">\n\t\t\t\t\t\t<span class=\"elementor-button-content-wrapper\">\n\t\t\t\t\t\t\t\t\t<span class=\"elementor-button-text\">More about Aluminium Coating Profiles<\/span>\n\t\t\t\t\t<\/span>\n\t\t\t\t\t<\/a>\n\t\t\t\t\t\t\t\t<\/div>\n\t\t\t\t<\/div>\n\t\t<div class=\"elementor-element elementor-element-268c39b e-con-full e-flex e-con e-child\" data-id=\"268c39b\" data-element_type=\"container\" data-settings=\"{&quot;background_background&quot;:&quot;classic&quot;,&quot;ekit_has_onepagescroll_dot&quot;:&quot;yes&quot;}\">\n\t\t\t\t<div class=\"elementor-element elementor-element-2c214f8 elementor-widget elementor-widget-image\" data-id=\"2c214f8\" data-element_type=\"widget\" data-settings=\"{&quot;ekit_we_effect_on&quot;:&quot;none&quot;}\" data-widget_type=\"image.default\">\n\t\t\t\t\t\t\t\t\t\t\t\t\t\t\t<img decoding=\"async\" width=\"1024\" height=\"214\" src=\"https:\/\/delemargroup.com\/wp-content\/uploads\/2025\/03\/3-1-3.svg\" class=\"attachment-large size-large wp-image-2849\" alt=\"\" \/>\t\t\t\t\t\t\t\t\t\t\t\t\t\t\t<\/div>\n\t\t\t\t<div class=\"elementor-element elementor-element-ef6ca15 elementor-widget elementor-widget-heading\" data-id=\"ef6ca15\" data-element_type=\"widget\" data-settings=\"{&quot;ekit_we_effect_on&quot;:&quot;none&quot;}\" data-widget_type=\"heading.default\">\n\t\t\t\t\t<h2 class=\"elementor-heading-title elementor-size-default\">L'atelier de d\u00e9coupe de Delemar produit 3\u00a0000 matrices par an,\nprenant en charge le processus de pressage en fa\u00e7onnant des formes de\nprofil\u00e9s en aluminium. \u00c9quip\u00e9 de machines de d\u00e9coupe au fil, de\ngravure par \u00e9tincelle, de fraiseuses CNC et de\nfraise manuelle, notre atelier de d\u00e9coupe utilise des\ntechnologies mondiales de pointe pour garantir la pr\u00e9cision et l'exactitude\ndans la fabrication des matrices.<\/h2>\t\t\t\t<\/div>\n\t\t\t\t<div class=\"elementor-element elementor-element-44f6602 animated-slow elementor-invisible elementor-widget elementor-widget-button\" data-id=\"44f6602\" data-element_type=\"widget\" data-settings=\"{&quot;_animation&quot;:&quot;fadeInUp&quot;,&quot;_animation_delay&quot;:800,&quot;ekit_we_effect_on&quot;:&quot;none&quot;}\" data-widget_type=\"button.default\">\n\t\t\t\t\t\t\t\t\t\t<a class=\"elementor-button elementor-button-link elementor-size-sm\" href=\"https:\/\/delemargroup.com\/fr\/business-sectors\/aluminium-die-shop\/\">\n\t\t\t\t\t\t<span class=\"elementor-button-content-wrapper\">\n\t\t\t\t\t\t\t\t\t<span class=\"elementor-button-text\">More about Aluminium Die Shop<\/span>\n\t\t\t\t\t<\/span>\n\t\t\t\t\t<\/a>\n\t\t\t\t\t\t\t\t<\/div>\n\t\t\t\t<\/div>\n\t\t<div class=\"elementor-element elementor-element-8e8c608 e-con-full e-flex e-con e-child\" data-id=\"8e8c608\" data-element_type=\"container\" data-settings=\"{&quot;background_background&quot;:&quot;classic&quot;,&quot;ekit_has_onepagescroll_dot&quot;:&quot;yes&quot;}\">\n\t\t\t\t<div class=\"elementor-element elementor-element-e062dde elementor-widget elementor-widget-image\" data-id=\"e062dde\" data-element_type=\"widget\" data-settings=\"{&quot;ekit_we_effect_on&quot;:&quot;none&quot;}\" data-widget_type=\"image.default\">\n\t\t\t\t\t\t\t\t\t\t\t\t\t\t\t<img loading=\"lazy\" decoding=\"async\" width=\"1024\" height=\"214\" src=\"https:\/\/delemargroup.com\/wp-content\/uploads\/2025\/02\/4-1-1024x214.png\" class=\"attachment-large size-large wp-image-2073\" alt=\"\" srcset=\"https:\/\/delemargroup.com\/wp-content\/uploads\/2025\/02\/4-1-1024x214.png 1024w, https:\/\/delemargroup.com\/wp-content\/uploads\/2025\/02\/4-1-300x63.png 300w, https:\/\/delemargroup.com\/wp-content\/uploads\/2025\/02\/4-1-768x161.png 768w, https:\/\/delemargroup.com\/wp-content\/uploads\/2025\/02\/4-1-18x4.png 18w, https:\/\/delemargroup.com\/wp-content\/uploads\/2025\/02\/4-1.png 1536w\" sizes=\"(max-width: 1024px) 100vw, 1024px\" \/>\t\t\t\t\t\t\t\t\t\t\t\t\t\t\t<\/div>\n\t\t\t\t<div class=\"elementor-element elementor-element-4be11b7 elementor-widget elementor-widget-heading\" data-id=\"4be11b7\" data-element_type=\"widget\" data-settings=\"{&quot;ekit_we_effect_on&quot;:&quot;none&quot;}\" data-widget_type=\"heading.default\">\n\t\t\t\t\t<h2 class=\"elementor-heading-title elementor-size-default\">Cr\u00e9\u00e9e en 2021, DPG incarne notre engagement \u00e0 fournir du verre architectural haute performance, concr\u00e9tisant ainsi notre ambition de devenir un acteur incontournable des mat\u00e9riaux industriels. Malgr\u00e9 sa jeune entit\u00e9, DPG est fi\u00e8re de poss\u00e9der la technologie et l'expertise technique les plus avanc\u00e9es du march\u00e9. Gr\u00e2ce \u00e0 ses lignes de production et ses composants europ\u00e9ens, DPG garantit des normes internationales de qualit\u00e9 et des d\u00e9lais de livraison rapides.<\/h2>\t\t\t\t<\/div>\n\t\t\t\t<div class=\"elementor-element elementor-element-36e5960 animated-slow elementor-invisible elementor-widget elementor-widget-button\" data-id=\"36e5960\" data-element_type=\"widget\" data-settings=\"{&quot;_animation&quot;:&quot;fadeInUp&quot;,&quot;_animation_delay&quot;:800,&quot;ekit_we_effect_on&quot;:&quot;none&quot;}\" data-widget_type=\"button.default\">\n\t\t\t\t\t\t\t\t\t\t<a class=\"elementor-button elementor-button-link elementor-size-sm\" href=\"https:\/\/delemargroup.com\/fr\/business-sectors\/processed-glass-dpg\/\">\n\t\t\t\t\t\t<span class=\"elementor-button-content-wrapper\">\n\t\t\t\t\t\t\t\t\t<span class=\"elementor-button-text\">More about Processed Glass (DPG)<\/span>\n\t\t\t\t\t<\/span>\n\t\t\t\t\t<\/a>\n\t\t\t\t\t\t\t\t<\/div>\n\t\t\t\t<\/div>\n\t\t\t\t<\/div>\n\t\t\t\t<\/div>\n\t\t\t\t<\/div>","protected":false},"excerpt":{"rendered":"<p>Explore Our Sectors At Delemar Industrial Group, we continue to strengthen our leadership in the aluminium industry through strategic expansion, innovation, and enhanced production capabilities. The years 2023 and 2024 presented challenges such as economic fluctuations and rising alloy costs, yet our adaptive strategies and global outreach have positioned us for unprecedented growth in aluminium [&hellip;]<\/p>","protected":false},"author":1,"featured_media":0,"parent":0,"menu_order":0,"comment_status":"closed","ping_status":"closed","template":"","meta":{"_acf_changed":false,"footnotes":""},"class_list":["post-1075","page","type-page","status-publish","hentry"],"blocksy_meta":[],"acf":[],"_links":{"self":[{"href":"https:\/\/delemargroup.com\/fr\/wp-json\/wp\/v2\/pages\/1075","targetHints":{"allow":["GET"]}}],"collection":[{"href":"https:\/\/delemargroup.com\/fr\/wp-json\/wp\/v2\/pages"}],"about":[{"href":"https:\/\/delemargroup.com\/fr\/wp-json\/wp\/v2\/types\/page"}],"author":[{"embeddable":true,"href":"https:\/\/delemargroup.com\/fr\/wp-json\/wp\/v2\/users\/1"}],"replies":[{"embeddable":true,"href":"https:\/\/delemargroup.com\/fr\/wp-json\/wp\/v2\/comments?post=1075"}],"version-history":[{"count":0,"href":"https:\/\/delemargroup.com\/fr\/wp-json\/wp\/v2\/pages\/1075\/revisions"}],"wp:attachment":[{"href":"https:\/\/delemargroup.com\/fr\/wp-json\/wp\/v2\/media?parent=1075"}],"curies":[{"name":"wp","href":"https:\/\/api.w.org\/{rel}","templated":true}]}}