{"id":1081,"date":"2025-02-08T18:21:23","date_gmt":"2025-02-08T16:21:23","guid":{"rendered":"https:\/\/delemar.codev-eg.com\/?page_id=1081"},"modified":"2025-03-23T20:47:03","modified_gmt":"2025-03-23T18:47:03","slug":"aluminium-die-shop","status":"publish","type":"page","link":"https:\/\/delemargroup.com\/fr\/business-sectors\/aluminium-die-shop\/","title":{"rendered":"Atelier de moulage d'aluminium"},"content":{"rendered":"<div data-elementor-type=\"wp-page\" data-elementor-id=\"1081\" class=\"elementor elementor-1081\" data-elementor-post-type=\"page\">\n\t\t\t\t<div class=\"elementor-element elementor-element-96498c4 e-con-full e-flex e-con e-parent\" data-id=\"96498c4\" data-element_type=\"container\" data-settings=\"{&quot;ekit_has_onepagescroll_dot&quot;:&quot;yes&quot;}\">\n\t\t<div class=\"elementor-element elementor-element-7de4278 e-con-full e-flex e-con e-child\" data-id=\"7de4278\" data-element_type=\"container\" data-settings=\"{&quot;ekit_has_onepagescroll_dot&quot;:&quot;yes&quot;}\">\n\t\t\t\t<div class=\"elementor-element elementor-element-aeea324 elementor-widget elementor-widget-heading\" data-id=\"aeea324\" data-element_type=\"widget\" data-settings=\"{&quot;ekit_we_effect_on&quot;:&quot;none&quot;}\" data-widget_type=\"heading.default\">\n\t\t\t\t\t<h2 class=\"elementor-heading-title elementor-size-default\">Atelier de moulage d'aluminium<\/h2>\t\t\t\t<\/div>\n\t\t\t\t<\/div>\n\t\t\t\t<\/div>\n\t\t<div class=\"elementor-element elementor-element-1e5d349 e-con-full e-flex e-con e-parent\" data-id=\"1e5d349\" data-element_type=\"container\" data-settings=\"{&quot;ekit_has_onepagescroll_dot&quot;:&quot;yes&quot;}\">\n\t\t<div class=\"elementor-element elementor-element-592ec37 e-con-full e-flex e-con e-child\" data-id=\"592ec37\" data-element_type=\"container\" data-settings=\"{&quot;ekit_has_onepagescroll_dot&quot;:&quot;yes&quot;}\">\n\t\t\t\t<div class=\"elementor-element elementor-element-ff60b57 elementor-widget elementor-widget-heading\" data-id=\"ff60b57\" data-element_type=\"widget\" data-settings=\"{&quot;ekit_we_effect_on&quot;:&quot;none&quot;}\" data-widget_type=\"heading.default\">\n\t\t\t\t\t<h2 class=\"elementor-heading-title elementor-size-default\"><a href=\"https:\/\/delemargroup.com\/fr\/business-sectors\/\">&lt; Retour \u00e0 tous les secteurs d&#039;activit\u00e9<\/a><\/h2>\t\t\t\t<\/div>\n\t\t\t\t<div class=\"elementor-element elementor-element-e4d19a8 elementor-widget elementor-widget-heading\" data-id=\"e4d19a8\" data-element_type=\"widget\" data-settings=\"{&quot;ekit_we_effect_on&quot;:&quot;none&quot;}\" data-widget_type=\"heading.default\">\n\t\t\t\t\t<h2 class=\"elementor-heading-title elementor-size-default\">Atelier de moulage d'aluminium<\/h2>\t\t\t\t<\/div>\n\t\t\t\t<\/div>\n\t\t\t\t<\/div>\n\t\t<div class=\"elementor-element elementor-element-d40bb09 e-con-full e-flex e-con e-parent\" data-id=\"d40bb09\" data-element_type=\"container\" data-settings=\"{&quot;ekit_has_onepagescroll_dot&quot;:&quot;yes&quot;}\">\n\t\t<div class=\"elementor-element elementor-element-b534c83 e-con-full e-flex e-con e-child\" data-id=\"b534c83\" data-element_type=\"container\" data-settings=\"{&quot;ekit_has_onepagescroll_dot&quot;:&quot;yes&quot;}\">\n\t\t\t\t<div class=\"elementor-element elementor-element-b43c1fa elementor-widget elementor-widget-heading\" data-id=\"b43c1fa\" data-element_type=\"widget\" data-settings=\"{&quot;ekit_we_effect_on&quot;:&quot;none&quot;}\" data-widget_type=\"heading.default\">\n\t\t\t\t\t<h2 class=\"elementor-heading-title elementor-size-default\">L'atelier de d\u00e9coupe de Delemar produit 3\u00a0000 matrices par an,\nprenant en charge le processus de pressage en fa\u00e7onnant des formes de\nprofil\u00e9s en aluminium. \u00c9quip\u00e9 de machines de d\u00e9coupe au fil, de\ngravure par \u00e9tincelle, de fraiseuses CNC et de\nfraise manuelle, notre atelier de d\u00e9coupe utilise des\ntechnologies mondiales de pointe pour garantir la pr\u00e9cision et l'exactitude\ndans la fabrication des matrices.<\/h2>\t\t\t\t<\/div>\n\t\t\t\t<\/div>\n\t\t<div class=\"elementor-element elementor-element-1773c16 e-con-full e-flex e-con e-child\" data-id=\"1773c16\" data-element_type=\"container\" data-settings=\"{&quot;ekit_has_onepagescroll_dot&quot;:&quot;yes&quot;}\">\n\t\t<div class=\"elementor-element elementor-element-1916481 e-con-full e-flex e-con e-child\" data-id=\"1916481\" data-element_type=\"container\" data-settings=\"{&quot;ekit_has_onepagescroll_dot&quot;:&quot;yes&quot;}\">\n\t\t\t\t<div class=\"elementor-element elementor-element-c40be3f elementor-widget elementor-widget-image\" data-id=\"c40be3f\" data-element_type=\"widget\" data-settings=\"{&quot;ekit_we_effect_on&quot;:&quot;none&quot;}\" data-widget_type=\"image.default\">\n\t\t\t\t\t\t\t\t\t\t\t\t\t\t\t<img fetchpriority=\"high\" decoding=\"async\" width=\"1024\" height=\"683\" src=\"https:\/\/delemargroup.com\/wp-content\/uploads\/2025\/02\/dieshop-sector-2-1024x683.jpg\" class=\"attachment-large size-large wp-image-2382\" alt=\"\" srcset=\"https:\/\/delemargroup.com\/wp-content\/uploads\/2025\/02\/dieshop-sector-2-1024x683.jpg 1024w, https:\/\/delemargroup.com\/wp-content\/uploads\/2025\/02\/dieshop-sector-2-300x200.jpg 300w, https:\/\/delemargroup.com\/wp-content\/uploads\/2025\/02\/dieshop-sector-2-768x512.jpg 768w, https:\/\/delemargroup.com\/wp-content\/uploads\/2025\/02\/dieshop-sector-2-1536x1024.jpg 1536w, https:\/\/delemargroup.com\/wp-content\/uploads\/2025\/02\/dieshop-sector-2-2048x1365.jpg 2048w, https:\/\/delemargroup.com\/wp-content\/uploads\/2025\/02\/dieshop-sector-2-18x12.jpg 18w\" sizes=\"(max-width: 1024px) 100vw, 1024px\" \/>\t\t\t\t\t\t\t\t\t\t\t\t\t\t\t<\/div>\n\t\t\t\t<div class=\"elementor-element elementor-element-b6b4a28 elementor-widget elementor-widget-image\" data-id=\"b6b4a28\" data-element_type=\"widget\" data-settings=\"{&quot;ekit_we_effect_on&quot;:&quot;none&quot;}\" data-widget_type=\"image.default\">\n\t\t\t\t\t\t\t\t\t\t\t\t\t\t\t<img decoding=\"async\" width=\"1024\" height=\"683\" src=\"https:\/\/delemargroup.com\/wp-content\/uploads\/2025\/02\/IMG_3559-1-1024x683.jpg\" class=\"attachment-large size-large wp-image-2392\" alt=\"\" srcset=\"https:\/\/delemargroup.com\/wp-content\/uploads\/2025\/02\/IMG_3559-1-1024x683.jpg 1024w, https:\/\/delemargroup.com\/wp-content\/uploads\/2025\/02\/IMG_3559-1-300x200.jpg 300w, https:\/\/delemargroup.com\/wp-content\/uploads\/2025\/02\/IMG_3559-1-768x512.jpg 768w, https:\/\/delemargroup.com\/wp-content\/uploads\/2025\/02\/IMG_3559-1-1536x1024.jpg 1536w, https:\/\/delemargroup.com\/wp-content\/uploads\/2025\/02\/IMG_3559-1-2048x1365.jpg 2048w, https:\/\/delemargroup.com\/wp-content\/uploads\/2025\/02\/IMG_3559-1-18x12.jpg 18w\" sizes=\"(max-width: 1024px) 100vw, 1024px\" \/>\t\t\t\t\t\t\t\t\t\t\t\t\t\t\t<\/div>\n\t\t\t\t<div class=\"elementor-element elementor-element-d23c8f4 elementor-widget elementor-widget-image\" data-id=\"d23c8f4\" data-element_type=\"widget\" data-settings=\"{&quot;ekit_we_effect_on&quot;:&quot;none&quot;}\" data-widget_type=\"image.default\">\n\t\t\t\t\t\t\t\t\t\t\t\t\t\t\t<img decoding=\"async\" width=\"1024\" height=\"683\" src=\"https:\/\/delemargroup.com\/wp-content\/uploads\/2025\/02\/DSC_0073MOFTAH-1024x683.jpg\" class=\"attachment-large size-large wp-image-2390\" alt=\"\" srcset=\"https:\/\/delemargroup.com\/wp-content\/uploads\/2025\/02\/DSC_0073MOFTAH-1024x683.jpg 1024w, https:\/\/delemargroup.com\/wp-content\/uploads\/2025\/02\/DSC_0073MOFTAH-300x200.jpg 300w, https:\/\/delemargroup.com\/wp-content\/uploads\/2025\/02\/DSC_0073MOFTAH-768x512.jpg 768w, https:\/\/delemargroup.com\/wp-content\/uploads\/2025\/02\/DSC_0073MOFTAH-1536x1024.jpg 1536w, https:\/\/delemargroup.com\/wp-content\/uploads\/2025\/02\/DSC_0073MOFTAH-2048x1365.jpg 2048w, https:\/\/delemargroup.com\/wp-content\/uploads\/2025\/02\/DSC_0073MOFTAH-18x12.jpg 18w\" sizes=\"(max-width: 1024px) 100vw, 1024px\" \/>\t\t\t\t\t\t\t\t\t\t\t\t\t\t\t<\/div>\n\t\t\t\t<\/div>\n\t\t\t\t<div class=\"elementor-element elementor-element-5033c8a e-n-tabs-none elementor-widget elementor-widget-n-tabs\" data-id=\"5033c8a\" data-element_type=\"widget\" data-settings=\"{&quot;tabs_justify_horizontal&quot;:&quot;stretch&quot;,&quot;horizontal_scroll_mobile&quot;:&quot;enable&quot;,&quot;horizontal_scroll&quot;:&quot;disable&quot;,&quot;ekit_we_effect_on&quot;:&quot;none&quot;}\" data-widget_type=\"nested-tabs.default\">\n\t\t\t\t\t\t\t<div class=\"e-n-tabs\" data-widget-number=\"84098186\" aria-label=\"Onglets. Ouvrez des \u00e9l\u00e9ments avec Entrer ou Espace, fermez-les avec Echape et naviguez \u00e0 l&#039;aide des touches fl\u00e9ch\u00e9es.\">\n\t\t\t<div class=\"e-n-tabs-heading\" role=\"tablist\">\n\t\t\t\t\t<button id=\"e-n-tab-title-840981861\" data-tab-title-id=\"e-n-tab-title-840981861\" class=\"e-n-tab-title\" aria-selected=\"true\" data-tab-index=\"1\" role=\"tab\" tabindex=\"0\" aria-controls=\"e-n-tab-content-840981861\" style=\"--n-tabs-title-order: 1;\">\n\t\t\t\t\t\t<span class=\"e-n-tab-title-text\">\n\t\t\t\tNotre usine de fabrication de matrices\t\t\t<\/span>\n\t\t<\/button>\n\t\t\t\t<button id=\"e-n-tab-title-840981862\" data-tab-title-id=\"e-n-tab-title-840981862\" class=\"e-n-tab-title\" aria-selected=\"false\" data-tab-index=\"2\" role=\"tab\" tabindex=\"-1\" aria-controls=\"e-n-tab-content-840981862\" style=\"--n-tabs-title-order: 2;\">\n\t\t\t\t\t\t<span class=\"e-n-tab-title-text\">\n\t\t\t\tProduit annuellement\t\t\t<\/span>\n\t\t<\/button>\n\t\t\t\t\t<\/div>\n\t\t\t<div class=\"e-n-tabs-content\">\n\t\t\t\t<div id=\"e-n-tab-content-840981861\" role=\"tabpanel\" aria-labelledby=\"e-n-tab-title-840981861\" data-tab-index=\"1\" style=\"--n-tabs-title-order: 1;\" class=\"e-active elementor-element elementor-element-416b3e0 e-con-full e-flex e-con e-child\" data-id=\"416b3e0\" data-element_type=\"container\" data-settings=\"{&quot;ekit_has_onepagescroll_dot&quot;:&quot;yes&quot;}\">\n\t\t<div class=\"elementor-element elementor-element-318bec4 e-con-full e-flex e-con e-child\" data-id=\"318bec4\" data-element_type=\"container\" data-settings=\"{&quot;ekit_has_onepagescroll_dot&quot;:&quot;yes&quot;}\">\n\t\t\t\t<div class=\"elementor-element elementor-element-873e1de elementor-widget elementor-widget-heading\" data-id=\"873e1de\" data-element_type=\"widget\" data-settings=\"{&quot;ekit_we_effect_on&quot;:&quot;none&quot;}\" data-widget_type=\"heading.default\">\n\t\t\t\t\t<h2 class=\"elementor-heading-title elementor-size-default\">Usine de fabrication de matrices<\/h2>\t\t\t\t<\/div>\n\t\t\t\t<\/div>\n\t\t<div class=\"elementor-element elementor-element-610cb9a e-con-full e-flex e-con e-child\" data-id=\"610cb9a\" data-element_type=\"container\" data-settings=\"{&quot;ekit_has_onepagescroll_dot&quot;:&quot;yes&quot;}\">\n\t\t\t\t<div class=\"elementor-element elementor-element-b2ca34a elementor-widget elementor-widget-text-editor\" data-id=\"b2ca34a\" data-element_type=\"widget\" data-settings=\"{&quot;ekit_we_effect_on&quot;:&quot;none&quot;}\" data-widget_type=\"text-editor.default\">\n\t\t\t\t\t\t\t\t\t<p><span style=\"color: #0f243e;\">Delemar r\u00e9alise que la qualit\u00e9 des moules est la base pour obtenir des profil\u00e9s en aluminium avec la plus grande efficacit\u00e9 et pr\u00e9cision, c'est pourquoi elle fournit une usine de moules int\u00e9gr\u00e9e capable de produire environ 3000 moules par an et le diam\u00e8tre du moule atteint 560 mm et nous nous appuyons sur la derni\u00e8re technologie pour fabriquer les moules utilis\u00e9s dans le processus d'extrusion d'aluminium<\/span><br \/><span style=\"color: #0f243e;\">Nous nous appuyons sur les \u00e9quipements et machines internationaux les plus r\u00e9cents pour former des moules tels que :<\/span><\/p><p><span style=\"color: #0f243e;\">* Fraiseuses CNC : pour la fabrication et le formage de moules avec une grande pr\u00e9cision<\/span><br \/><span style=\"color: #0f243e;\">\u2666\ufe0f Machines d'\u00e9lectro\u00e9rosion : pour ajuster les dimensions des roulements avec une grande pr\u00e9cision<\/span><br \/><span style=\"color: #0f243e;\">\u2666\ufe0f Machines de d\u00e9coupe \u00e0 fil : pour former des profils avec le plus haut degr\u00e9 de pr\u00e9cision et garantir la douceur de la surface<\/span><\/p>\t\t\t\t\t\t\t\t<\/div>\n\t\t\t\t<\/div>\n\t\t\t\t<\/div>\n\t\t<div id=\"e-n-tab-content-840981862\" role=\"tabpanel\" aria-labelledby=\"e-n-tab-title-840981862\" data-tab-index=\"2\" style=\"--n-tabs-title-order: 2;\" class=\"elementor-element elementor-element-9caba09 e-con-full e-flex e-con e-child\" data-id=\"9caba09\" data-element_type=\"container\" data-settings=\"{&quot;ekit_has_onepagescroll_dot&quot;:&quot;yes&quot;}\">\n\t\t<div class=\"elementor-element elementor-element-702d58b e-con-full e-flex e-con e-child\" data-id=\"702d58b\" data-element_type=\"container\" data-settings=\"{&quot;ekit_has_onepagescroll_dot&quot;:&quot;yes&quot;}\">\n\t\t\t\t<div class=\"elementor-element elementor-element-1dc265e elementor-widget elementor-widget-heading\" data-id=\"1dc265e\" data-element_type=\"widget\" data-settings=\"{&quot;ekit_we_effect_on&quot;:&quot;none&quot;}\" data-widget_type=\"heading.default\">\n\t\t\t\t\t<h2 class=\"elementor-heading-title elementor-size-default\">Produit annuellement<\/h2>\t\t\t\t<\/div>\n\t\t\t\t<\/div>\n\t\t<div class=\"elementor-element elementor-element-39ff5ca e-con-full e-flex e-con e-child\" data-id=\"39ff5ca\" data-element_type=\"container\" data-settings=\"{&quot;ekit_has_onepagescroll_dot&quot;:&quot;yes&quot;}\">\n\t\t\t\t<div class=\"elementor-element elementor-element-475f6ac elementor-widget elementor-widget-text-editor\" data-id=\"475f6ac\" data-element_type=\"widget\" data-settings=\"{&quot;ekit_we_effect_on&quot;:&quot;none&quot;}\" data-widget_type=\"text-editor.default\">\n\t\t\t\t\t\t\t\t\t<p><span style=\"color: #0f243e;\">3000 matrices<\/span><\/p>\t\t\t\t\t\t\t\t<\/div>\n\t\t\t\t<\/div>\n\t\t\t\t<\/div>\n\t\t\t\t\t<\/div>\n\t\t<\/div>\n\t\t\t\t\t\t<\/div>\n\t\t\t\t<\/div>\n\t\t\t\t<\/div>\n\t\t\t\t<\/div>","protected":false},"excerpt":{"rendered":"<p>< Back To All Business Sectors Delemar&#8217;s Die Shop produces 3000 Dies annually, supporting the pressing process by crafting aluminum profiles&#8217; shapes. Equipped with wire cutting machines, spark engraving, CNC fraise machines, and manual fraise, our Die Shop utilizes cutting-edge global technologies to ensure precision and accuracy in Die manufacturing. Our Die Shop Factory Annually [&hellip;]\n<\/p>","protected":false},"author":1,"featured_media":0,"parent":1075,"menu_order":0,"comment_status":"closed","ping_status":"closed","template":"","meta":{"_acf_changed":false,"footnotes":""},"class_list":["post-1081","page","type-page","status-publish","hentry"],"blocksy_meta":[],"acf":[],"_links":{"self":[{"href":"https:\/\/delemargroup.com\/fr\/wp-json\/wp\/v2\/pages\/1081","targetHints":{"allow":["GET"]}}],"collection":[{"href":"https:\/\/delemargroup.com\/fr\/wp-json\/wp\/v2\/pages"}],"about":[{"href":"https:\/\/delemargroup.com\/fr\/wp-json\/wp\/v2\/types\/page"}],"author":[{"embeddable":true,"href":"https:\/\/delemargroup.com\/fr\/wp-json\/wp\/v2\/users\/1"}],"replies":[{"embeddable":true,"href":"https:\/\/delemargroup.com\/fr\/wp-json\/wp\/v2\/comments?post=1081"}],"version-history":[{"count":0,"href":"https:\/\/delemargroup.com\/fr\/wp-json\/wp\/v2\/pages\/1081\/revisions"}],"up":[{"embeddable":true,"href":"https:\/\/delemargroup.com\/fr\/wp-json\/wp\/v2\/pages\/1075"}],"wp:attachment":[{"href":"https:\/\/delemargroup.com\/fr\/wp-json\/wp\/v2\/media?parent=1081"}],"curies":[{"name":"wp","href":"https:\/\/api.w.org\/{rel}","templated":true}]}}