{"id":1106,"date":"2025-02-08T19:00:26","date_gmt":"2025-02-08T17:00:26","guid":{"rendered":"https:\/\/delemar.codev-eg.com\/?page_id=1106"},"modified":"2025-03-16T04:33:42","modified_gmt":"2025-03-16T02:33:42","slug":"testimonials","status":"publish","type":"page","link":"https:\/\/delemargroup.com\/fr\/testimonials\/","title":{"rendered":"T\u00e9moignages"},"content":{"rendered":"<div data-elementor-type=\"wp-page\" data-elementor-id=\"1106\" class=\"elementor elementor-1106\" data-elementor-post-type=\"page\">\n\t\t\t\t<div class=\"elementor-element elementor-element-5167e15 e-con-full e-flex e-con e-parent\" data-id=\"5167e15\" data-element_type=\"container\" data-settings=\"{&quot;ekit_has_onepagescroll_dot&quot;:&quot;yes&quot;}\">\n\t\t<div class=\"elementor-element elementor-element-3be2ef0 e-con-full e-flex e-con e-child\" data-id=\"3be2ef0\" data-element_type=\"container\" data-settings=\"{&quot;ekit_has_onepagescroll_dot&quot;:&quot;yes&quot;}\">\n\t\t\t\t<div class=\"elementor-element elementor-element-e38ffc3 elementor-widget elementor-widget-heading\" data-id=\"e38ffc3\" data-element_type=\"widget\" data-settings=\"{&quot;ekit_we_effect_on&quot;:&quot;none&quot;}\" data-widget_type=\"heading.default\">\n\t\t\t\t\t<h2 class=\"elementor-heading-title elementor-size-default\">T\u00e9moignages<\/h2>\t\t\t\t<\/div>\n\t\t\t\t<\/div>\n\t\t\t\t<\/div>\n\t\t<div class=\"elementor-element elementor-element-c10f5e1 e-con-full e-flex e-con e-parent\" data-id=\"c10f5e1\" data-element_type=\"container\" data-settings=\"{&quot;ekit_has_onepagescroll_dot&quot;:&quot;yes&quot;}\">\n\t\t<div class=\"elementor-element elementor-element-bb306af e-con-full e-flex e-con e-child\" data-id=\"bb306af\" data-element_type=\"container\" data-settings=\"{&quot;ekit_has_onepagescroll_dot&quot;:&quot;yes&quot;}\">\n\t\t\t\t<div class=\"elementor-element elementor-element-4d41e66 elementor-widget elementor-widget-heading\" data-id=\"4d41e66\" data-element_type=\"widget\" data-settings=\"{&quot;ekit_we_effect_on&quot;:&quot;none&quot;}\" data-widget_type=\"heading.default\">\n\t\t\t\t\t<h2 class=\"elementor-heading-title elementor-size-default\">D\u00e9couvrez les histoires de r\u00e9ussite<\/h2>\t\t\t\t<\/div>\n\t\t\t\t<\/div>\n\t\t<div class=\"elementor-element elementor-element-15e0abc e-con-full e-flex e-con e-child\" data-id=\"15e0abc\" data-element_type=\"container\" data-settings=\"{&quot;ekit_has_onepagescroll_dot&quot;:&quot;yes&quot;}\">\n\t\t\t\t<div class=\"elementor-element elementor-element-7b92384 elementor-widget__width-initial elementor-widget elementor-widget-heading\" data-id=\"7b92384\" data-element_type=\"widget\" data-settings=\"{&quot;ekit_we_effect_on&quot;:&quot;none&quot;}\" data-widget_type=\"heading.default\">\n\t\t\t\t\t<h2 class=\"elementor-heading-title elementor-size-default\">D\u00e9couvrez comment d'autres utilisent Delemar Industrial Group<\/h2>\t\t\t\t<\/div>\n\t\t\t\t<\/div>\n\t\t\t\t<\/div>\n\t\t<div class=\"elementor-element elementor-element-9926b24 e-con-full e-flex e-con e-parent\" data-id=\"9926b24\" data-element_type=\"container\" data-settings=\"{&quot;ekit_has_onepagescroll_dot&quot;:&quot;yes&quot;}\">\n\t\t<div class=\"elementor-element elementor-element-e69d0af e-con-full e-flex e-con e-child\" data-id=\"e69d0af\" data-element_type=\"container\" data-settings=\"{&quot;background_background&quot;:&quot;classic&quot;,&quot;ekit_has_onepagescroll_dot&quot;:&quot;yes&quot;}\">\n\t\t\t\t<div class=\"elementor-element elementor-element-e4cf07b elementor-widget elementor-widget-image\" data-id=\"e4cf07b\" data-element_type=\"widget\" data-settings=\"{&quot;ekit_we_effect_on&quot;:&quot;none&quot;}\" data-widget_type=\"image.default\">\n\t\t\t\t\t\t\t\t\t\t\t\t\t\t\t<img fetchpriority=\"high\" decoding=\"async\" width=\"1024\" height=\"1024\" src=\"https:\/\/delemargroup.com\/wp-content\/uploads\/2025\/02\/1-1024x1024.png\" class=\"attachment-large size-large wp-image-1608\" alt=\"\" srcset=\"https:\/\/delemargroup.com\/wp-content\/uploads\/2025\/02\/1-1024x1024.png 1024w, https:\/\/delemargroup.com\/wp-content\/uploads\/2025\/02\/1-300x300.png 300w, https:\/\/delemargroup.com\/wp-content\/uploads\/2025\/02\/1-150x150.png 150w, https:\/\/delemargroup.com\/wp-content\/uploads\/2025\/02\/1-768x768.png 768w, https:\/\/delemargroup.com\/wp-content\/uploads\/2025\/02\/1-12x12.png 12w, https:\/\/delemargroup.com\/wp-content\/uploads\/2025\/02\/1.png 1080w\" sizes=\"(max-width: 1024px) 100vw, 1024px\" \/>\t\t\t\t\t\t\t\t\t\t\t\t\t\t\t<\/div>\n\t\t\t\t<div class=\"elementor-element elementor-element-0203646 elementor-widget__width-initial elementor-widget elementor-widget-heading\" data-id=\"0203646\" data-element_type=\"widget\" data-settings=\"{&quot;ekit_we_effect_on&quot;:&quot;none&quot;}\" data-widget_type=\"heading.default\">\n\t\t\t\t\t<h2 class=\"elementor-heading-title elementor-size-default\">Notre partenariat avec le Groupe Industriel Delemar a optimis\u00e9 nos op\u00e9rations et am\u00e9lior\u00e9 l'efficacit\u00e9 de notre projet. Leur expertise en solutions industrielles est in\u00e9gal\u00e9e\u00a0!<\/h2>\t\t\t\t<\/div>\n\t\t\t\t<\/div>\n\t\t<div class=\"elementor-element elementor-element-3ead364 e-con-full e-flex e-con e-child\" data-id=\"3ead364\" data-element_type=\"container\" data-settings=\"{&quot;background_background&quot;:&quot;classic&quot;,&quot;ekit_has_onepagescroll_dot&quot;:&quot;yes&quot;}\">\n\t\t\t\t<div class=\"elementor-element elementor-element-9c648ca elementor-widget elementor-widget-image\" data-id=\"9c648ca\" data-element_type=\"widget\" data-settings=\"{&quot;ekit_we_effect_on&quot;:&quot;none&quot;}\" data-widget_type=\"image.default\">\n\t\t\t\t\t\t\t\t\t\t\t\t\t\t\t<img decoding=\"async\" width=\"1024\" height=\"1024\" src=\"https:\/\/delemargroup.com\/wp-content\/uploads\/2025\/02\/2-1024x1024.png\" class=\"attachment-large size-large wp-image-1607\" alt=\"\" srcset=\"https:\/\/delemargroup.com\/wp-content\/uploads\/2025\/02\/2-1024x1024.png 1024w, https:\/\/delemargroup.com\/wp-content\/uploads\/2025\/02\/2-300x300.png 300w, https:\/\/delemargroup.com\/wp-content\/uploads\/2025\/02\/2-150x150.png 150w, https:\/\/delemargroup.com\/wp-content\/uploads\/2025\/02\/2-768x768.png 768w, https:\/\/delemargroup.com\/wp-content\/uploads\/2025\/02\/2-12x12.png 12w, https:\/\/delemargroup.com\/wp-content\/uploads\/2025\/02\/2.png 1080w\" sizes=\"(max-width: 1024px) 100vw, 1024px\" \/>\t\t\t\t\t\t\t\t\t\t\t\t\t\t\t<\/div>\n\t\t\t\t<div class=\"elementor-element elementor-element-3bccd18 elementor-widget__width-initial elementor-widget elementor-widget-heading\" data-id=\"3bccd18\" data-element_type=\"widget\" data-settings=\"{&quot;ekit_we_effect_on&quot;:&quot;none&quot;}\" data-widget_type=\"heading.default\">\n\t\t\t\t\t<h2 class=\"elementor-heading-title elementor-size-default\">L'ing\u00e9nierie de pr\u00e9cision et les mat\u00e9riaux de haute qualit\u00e9 de Delemar sont essentiels \u00e0 la r\u00e9ussite de nos solutions de fa\u00e7ade. Un partenaire industriel de confiance\u00a0!<\/h2>\t\t\t\t<\/div>\n\t\t\t\t<\/div>\n\t\t<div class=\"elementor-element elementor-element-107a478 e-con-full e-flex e-con e-child\" data-id=\"107a478\" data-element_type=\"container\" data-settings=\"{&quot;background_background&quot;:&quot;classic&quot;,&quot;ekit_has_onepagescroll_dot&quot;:&quot;yes&quot;}\">\n\t\t\t\t<div class=\"elementor-element elementor-element-fb58300 elementor-widget elementor-widget-image\" data-id=\"fb58300\" data-element_type=\"widget\" data-settings=\"{&quot;ekit_we_effect_on&quot;:&quot;none&quot;}\" data-widget_type=\"image.default\">\n\t\t\t\t\t\t\t\t\t\t\t\t\t\t\t<img decoding=\"async\" width=\"1024\" height=\"1024\" src=\"https:\/\/delemargroup.com\/wp-content\/uploads\/2025\/02\/3-1024x1024.png\" class=\"attachment-large size-large wp-image-1606\" alt=\"\" srcset=\"https:\/\/delemargroup.com\/wp-content\/uploads\/2025\/02\/3-1024x1024.png 1024w, https:\/\/delemargroup.com\/wp-content\/uploads\/2025\/02\/3-300x300.png 300w, https:\/\/delemargroup.com\/wp-content\/uploads\/2025\/02\/3-150x150.png 150w, https:\/\/delemargroup.com\/wp-content\/uploads\/2025\/02\/3-768x768.png 768w, https:\/\/delemargroup.com\/wp-content\/uploads\/2025\/02\/3-12x12.png 12w, https:\/\/delemargroup.com\/wp-content\/uploads\/2025\/02\/3.png 1080w\" sizes=\"(max-width: 1024px) 100vw, 1024px\" \/>\t\t\t\t\t\t\t\t\t\t\t\t\t\t\t<\/div>\n\t\t\t\t<div class=\"elementor-element elementor-element-7e1dc0d elementor-widget__width-initial elementor-widget elementor-widget-heading\" data-id=\"7e1dc0d\" data-element_type=\"widget\" data-settings=\"{&quot;ekit_we_effect_on&quot;:&quot;none&quot;}\" data-widget_type=\"heading.default\">\n\t\t\t\t\t<h2 class=\"elementor-heading-title elementor-size-default\">Travailler avec le Groupe Industriel Delemar a \u00e9lev\u00e9 nos standards de construction. Leur engagement envers la qualit\u00e9 et l'innovation fait toute la diff\u00e9rence\u00a0!<\/h2>\t\t\t\t<\/div>\n\t\t\t\t<\/div>\n\t\t<div class=\"elementor-element elementor-element-742dc04 e-con-full e-flex e-con e-child\" data-id=\"742dc04\" data-element_type=\"container\" data-settings=\"{&quot;background_background&quot;:&quot;classic&quot;,&quot;ekit_has_onepagescroll_dot&quot;:&quot;yes&quot;}\">\n\t\t\t\t<div class=\"elementor-element elementor-element-e8f15fa elementor-widget elementor-widget-image\" data-id=\"e8f15fa\" data-element_type=\"widget\" data-settings=\"{&quot;ekit_we_effect_on&quot;:&quot;none&quot;}\" data-widget_type=\"image.default\">\n\t\t\t\t\t\t\t\t\t\t\t\t\t\t\t<img loading=\"lazy\" decoding=\"async\" width=\"1024\" height=\"1024\" src=\"https:\/\/delemargroup.com\/wp-content\/uploads\/2025\/02\/4-1024x1024.png\" class=\"attachment-large size-large wp-image-1605\" alt=\"\" srcset=\"https:\/\/delemargroup.com\/wp-content\/uploads\/2025\/02\/4-1024x1024.png 1024w, https:\/\/delemargroup.com\/wp-content\/uploads\/2025\/02\/4-300x300.png 300w, https:\/\/delemargroup.com\/wp-content\/uploads\/2025\/02\/4-150x150.png 150w, https:\/\/delemargroup.com\/wp-content\/uploads\/2025\/02\/4-768x768.png 768w, https:\/\/delemargroup.com\/wp-content\/uploads\/2025\/02\/4-12x12.png 12w, https:\/\/delemargroup.com\/wp-content\/uploads\/2025\/02\/4.png 1080w\" sizes=\"(max-width: 1024px) 100vw, 1024px\" \/>\t\t\t\t\t\t\t\t\t\t\t\t\t\t\t<\/div>\n\t\t\t\t<div class=\"elementor-element elementor-element-d847cc8 elementor-widget__width-initial elementor-widget elementor-widget-heading\" data-id=\"d847cc8\" data-element_type=\"widget\" data-settings=\"{&quot;ekit_we_effect_on&quot;:&quot;none&quot;}\" data-widget_type=\"heading.default\">\n\t\t\t\t\t<h2 class=\"elementor-heading-title elementor-size-default\">L'expertise de Delemar en solutions aluminium a grandement contribu\u00e9 au succ\u00e8s de nos projets. Leur soutien et la qualit\u00e9 de leurs produits sont inestimables\u00a0!<\/h2>\t\t\t\t<\/div>\n\t\t\t\t<\/div>\n\t\t<div class=\"elementor-element elementor-element-8b32b12 e-con-full e-flex e-con e-child\" data-id=\"8b32b12\" data-element_type=\"container\" data-settings=\"{&quot;background_background&quot;:&quot;classic&quot;,&quot;ekit_has_onepagescroll_dot&quot;:&quot;yes&quot;}\">\n\t\t\t\t<div class=\"elementor-element elementor-element-fa7ae6d elementor-widget elementor-widget-image\" data-id=\"fa7ae6d\" data-element_type=\"widget\" data-settings=\"{&quot;ekit_we_effect_on&quot;:&quot;none&quot;}\" data-widget_type=\"image.default\">\n\t\t\t\t\t\t\t\t\t\t\t\t\t\t\t<img loading=\"lazy\" decoding=\"async\" width=\"1024\" height=\"1024\" src=\"https:\/\/delemargroup.com\/wp-content\/uploads\/2025\/02\/5-1024x1024.png\" class=\"attachment-large size-large wp-image-1604\" alt=\"\" srcset=\"https:\/\/delemargroup.com\/wp-content\/uploads\/2025\/02\/5-1024x1024.png 1024w, https:\/\/delemargroup.com\/wp-content\/uploads\/2025\/02\/5-300x300.png 300w, https:\/\/delemargroup.com\/wp-content\/uploads\/2025\/02\/5-150x150.png 150w, https:\/\/delemargroup.com\/wp-content\/uploads\/2025\/02\/5-768x768.png 768w, https:\/\/delemargroup.com\/wp-content\/uploads\/2025\/02\/5-12x12.png 12w, https:\/\/delemargroup.com\/wp-content\/uploads\/2025\/02\/5.png 1080w\" sizes=\"(max-width: 1024px) 100vw, 1024px\" \/>\t\t\t\t\t\t\t\t\t\t\t\t\t\t\t<\/div>\n\t\t\t\t<div class=\"elementor-element elementor-element-55ea4a4 elementor-widget__width-initial elementor-widget elementor-widget-heading\" data-id=\"55ea4a4\" data-element_type=\"widget\" data-settings=\"{&quot;ekit_we_effect_on&quot;:&quot;none&quot;}\" data-widget_type=\"heading.default\">\n\t\t\t\t\t<h2 class=\"elementor-heading-title elementor-size-default\">Le Groupe Industriel Delemar nous a aid\u00e9 \u00e0 optimiser notre processus de fabrication, garantissant des solutions de production durables et efficaces !<\/h2>\t\t\t\t<\/div>\n\t\t\t\t<\/div>\n\t\t<div class=\"elementor-element elementor-element-3fbbe2a e-con-full e-flex e-con e-child\" data-id=\"3fbbe2a\" data-element_type=\"container\" data-settings=\"{&quot;background_background&quot;:&quot;classic&quot;,&quot;ekit_has_onepagescroll_dot&quot;:&quot;yes&quot;}\">\n\t\t\t\t<div class=\"elementor-element elementor-element-ddb6dd7 elementor-widget elementor-widget-image\" data-id=\"ddb6dd7\" data-element_type=\"widget\" data-settings=\"{&quot;ekit_we_effect_on&quot;:&quot;none&quot;}\" data-widget_type=\"image.default\">\n\t\t\t\t\t\t\t\t\t\t\t\t\t\t\t<img loading=\"lazy\" decoding=\"async\" width=\"1024\" height=\"1024\" src=\"https:\/\/delemargroup.com\/wp-content\/uploads\/2025\/02\/6-1024x1024.png\" class=\"attachment-large size-large wp-image-1603\" alt=\"\" srcset=\"https:\/\/delemargroup.com\/wp-content\/uploads\/2025\/02\/6-1024x1024.png 1024w, https:\/\/delemargroup.com\/wp-content\/uploads\/2025\/02\/6-300x300.png 300w, https:\/\/delemargroup.com\/wp-content\/uploads\/2025\/02\/6-150x150.png 150w, https:\/\/delemargroup.com\/wp-content\/uploads\/2025\/02\/6-768x768.png 768w, https:\/\/delemargroup.com\/wp-content\/uploads\/2025\/02\/6-12x12.png 12w, https:\/\/delemargroup.com\/wp-content\/uploads\/2025\/02\/6.png 1080w\" sizes=\"(max-width: 1024px) 100vw, 1024px\" \/>\t\t\t\t\t\t\t\t\t\t\t\t\t\t\t<\/div>\n\t\t\t\t<div class=\"elementor-element elementor-element-c23ae24 elementor-widget__width-initial elementor-widget elementor-widget-heading\" data-id=\"c23ae24\" data-element_type=\"widget\" data-settings=\"{&quot;ekit_we_effect_on&quot;:&quot;none&quot;}\" data-widget_type=\"heading.default\">\n\t\t\t\t\t<h2 class=\"elementor-heading-title elementor-size-default\">Gr\u00e2ce \u00e0 l'expertise de Delemar, nous avons am\u00e9lior\u00e9 nos capacit\u00e9s de production et notre efficacit\u00e9 op\u00e9rationnelle. Leur \u00e9quipe est vraiment exceptionnelle\u00a0!<\/h2>\t\t\t\t<\/div>\n\t\t\t\t<\/div>\n\t\t<div class=\"elementor-element elementor-element-b71c88c e-con-full e-flex e-con e-child\" data-id=\"b71c88c\" data-element_type=\"container\" data-settings=\"{&quot;background_background&quot;:&quot;classic&quot;,&quot;ekit_has_onepagescroll_dot&quot;:&quot;yes&quot;}\">\n\t\t\t\t<div class=\"elementor-element elementor-element-6db5e7e elementor-widget elementor-widget-image\" data-id=\"6db5e7e\" data-element_type=\"widget\" data-settings=\"{&quot;ekit_we_effect_on&quot;:&quot;none&quot;}\" data-widget_type=\"image.default\">\n\t\t\t\t\t\t\t\t\t\t\t\t\t\t\t<img loading=\"lazy\" decoding=\"async\" width=\"1024\" height=\"1024\" src=\"https:\/\/delemargroup.com\/wp-content\/uploads\/2025\/02\/7-1024x1024.png\" class=\"attachment-large size-large wp-image-1602\" alt=\"\" srcset=\"https:\/\/delemargroup.com\/wp-content\/uploads\/2025\/02\/7-1024x1024.png 1024w, https:\/\/delemargroup.com\/wp-content\/uploads\/2025\/02\/7-300x300.png 300w, https:\/\/delemargroup.com\/wp-content\/uploads\/2025\/02\/7-150x150.png 150w, https:\/\/delemargroup.com\/wp-content\/uploads\/2025\/02\/7-768x768.png 768w, https:\/\/delemargroup.com\/wp-content\/uploads\/2025\/02\/7-12x12.png 12w, https:\/\/delemargroup.com\/wp-content\/uploads\/2025\/02\/7.png 1080w\" sizes=\"(max-width: 1024px) 100vw, 1024px\" \/>\t\t\t\t\t\t\t\t\t\t\t\t\t\t\t<\/div>\n\t\t\t\t<div class=\"elementor-element elementor-element-dacfae0 elementor-widget__width-initial elementor-widget elementor-widget-heading\" data-id=\"dacfae0\" data-element_type=\"widget\" data-settings=\"{&quot;ekit_we_effect_on&quot;:&quot;none&quot;}\" data-widget_type=\"heading.default\">\n\t\t\t\t\t<h2 class=\"elementor-heading-title elementor-size-default\">Les solutions Delemar ont consid\u00e9rablement dynamis\u00e9 nos projets d\u2019infrastructure, garantissant durabilit\u00e9 et haute performance dans nos op\u00e9rations !<\/h2>\t\t\t\t<\/div>\n\t\t\t\t<\/div>\n\t\t<div class=\"elementor-element elementor-element-0d0db51 e-con-full e-flex e-con e-child\" data-id=\"0d0db51\" data-element_type=\"container\" data-settings=\"{&quot;background_background&quot;:&quot;classic&quot;,&quot;ekit_has_onepagescroll_dot&quot;:&quot;yes&quot;}\">\n\t\t\t\t<div class=\"elementor-element elementor-element-d4b46be elementor-widget elementor-widget-image\" data-id=\"d4b46be\" data-element_type=\"widget\" data-settings=\"{&quot;ekit_we_effect_on&quot;:&quot;none&quot;}\" data-widget_type=\"image.default\">\n\t\t\t\t\t\t\t\t\t\t\t\t\t\t\t<img loading=\"lazy\" decoding=\"async\" width=\"1024\" height=\"1024\" src=\"https:\/\/delemargroup.com\/wp-content\/uploads\/2025\/02\/8-1024x1024.png\" class=\"attachment-large size-large wp-image-1601\" alt=\"\" srcset=\"https:\/\/delemargroup.com\/wp-content\/uploads\/2025\/02\/8-1024x1024.png 1024w, https:\/\/delemargroup.com\/wp-content\/uploads\/2025\/02\/8-300x300.png 300w, https:\/\/delemargroup.com\/wp-content\/uploads\/2025\/02\/8-150x150.png 150w, https:\/\/delemargroup.com\/wp-content\/uploads\/2025\/02\/8-768x768.png 768w, https:\/\/delemargroup.com\/wp-content\/uploads\/2025\/02\/8-12x12.png 12w, https:\/\/delemargroup.com\/wp-content\/uploads\/2025\/02\/8.png 1080w\" sizes=\"(max-width: 1024px) 100vw, 1024px\" \/>\t\t\t\t\t\t\t\t\t\t\t\t\t\t\t<\/div>\n\t\t\t\t<div class=\"elementor-element elementor-element-835dcab elementor-widget__width-initial elementor-widget elementor-widget-heading\" data-id=\"835dcab\" data-element_type=\"widget\" data-settings=\"{&quot;ekit_we_effect_on&quot;:&quot;none&quot;}\" data-widget_type=\"heading.default\">\n\t\t\t\t\t<h2 class=\"elementor-heading-title elementor-size-default\">Un pionnier dans le secteur\u00a0! La contribution de Delemar a \u00e9t\u00e9 essentielle \u00e0 la r\u00e9alisation de nos projets avec pr\u00e9cision et efficacit\u00e9\u00a0!<\/h2>\t\t\t\t<\/div>\n\t\t\t\t<\/div>\n\t\t\t\t<\/div>\n\t\t\t\t<\/div>","protected":false},"excerpt":{"rendered":"<p>Explore Success Stories Learn how others are using Delemar Industrial Group Partnering with Delemar Industrial Group has streamlined our operations and enhanced our project&#8217;s efficiency. Their expertise in industrial solutions is unmatched! Delemar&#8217;s precision engineering and high-quality materials have been integral to our successful facade solutions. A truly reliable industrial partner! Working with Delemar Industrial [&hellip;]<\/p>","protected":false},"author":1,"featured_media":0,"parent":0,"menu_order":0,"comment_status":"closed","ping_status":"closed","template":"","meta":{"_acf_changed":false,"footnotes":""},"class_list":["post-1106","page","type-page","status-publish","hentry"],"blocksy_meta":[],"acf":[],"_links":{"self":[{"href":"https:\/\/delemargroup.com\/fr\/wp-json\/wp\/v2\/pages\/1106","targetHints":{"allow":["GET"]}}],"collection":[{"href":"https:\/\/delemargroup.com\/fr\/wp-json\/wp\/v2\/pages"}],"about":[{"href":"https:\/\/delemargroup.com\/fr\/wp-json\/wp\/v2\/types\/page"}],"author":[{"embeddable":true,"href":"https:\/\/delemargroup.com\/fr\/wp-json\/wp\/v2\/users\/1"}],"replies":[{"embeddable":true,"href":"https:\/\/delemargroup.com\/fr\/wp-json\/wp\/v2\/comments?post=1106"}],"version-history":[{"count":0,"href":"https:\/\/delemargroup.com\/fr\/wp-json\/wp\/v2\/pages\/1106\/revisions"}],"wp:attachment":[{"href":"https:\/\/delemargroup.com\/fr\/wp-json\/wp\/v2\/media?parent=1106"}],"curies":[{"name":"wp","href":"https:\/\/api.w.org\/{rel}","templated":true}]}}